{"id":173,"date":"2026-03-14T20:23:49","date_gmt":"2026-03-14T20:23:49","guid":{"rendered":"https:\/\/seonumber1.com\/calc\/?page_id=173"},"modified":"2026-03-19T20:27:37","modified_gmt":"2026-03-19T20:27:37","slug":"volume-calculator","status":"publish","type":"page","link":"https:\/\/seonumber1.com\/calc\/volume-calculator\/","title":{"rendered":"Volume Calculator"},"content":{"rendered":"\t\t<div data-elementor-type=\"wp-page\" data-elementor-id=\"173\" class=\"elementor elementor-173\">\n\t\t\t\t<div class=\"elementor-element elementor-element-f0d0f2d e-flex e-con-boxed e-con e-parent\" data-id=\"f0d0f2d\" data-element_type=\"container\" data-e-type=\"container\">\n\t\t\t\t\t<div class=\"e-con-inner\">\n\t\t\t\t<div class=\"elementor-element elementor-element-c125c2f elementor-widget elementor-widget-html\" data-id=\"c125c2f\" data-element_type=\"widget\" data-e-type=\"widget\" data-widget_type=\"html.default\">\n\t\t\t\t\t<!-- Volume Calculator -->\r\n<link href=\"https:\/\/fonts.googleapis.com\/css2?family=DM+Sans:wght@400;500;600;700&display=swap\" rel=\"stylesheet\">\r\n<style>*,*::before,*::after{box-sizing:border-box;margin:0;padding:0}.cw{font-family:'DM Sans',sans-serif;background:#f5f0e8;color:#1a2744;padding:40px 20px;max-width:720px;margin:0 auto}.cw h1{font-size:clamp(1.55rem,3vw,2rem);font-weight:700;text-align:center;margin-bottom:8px}.sub{font-size:.9rem;color:#718096;text-align:center;margin-bottom:28px;line-height:1.6}.tabs{display:flex;gap:5px;flex-wrap:wrap;margin-bottom:20px;justify-content:center}.tab{padding:6px 12px;border:1.5px solid #e2e8f0;border-radius:6px;font-family:inherit;font-size:.78rem;font-weight:600;cursor:pointer;background:#fff;color:#4a5568;transition:all .18s}.tab.on{background:#e8392a;color:#fff;border-color:#e8392a}.cc{background:#fff;border:1px solid #e2e8f0;border-radius:12px;padding:28px;margin-bottom:20px;box-shadow:0 2px 12px rgba(0,0,0,.06)}.cc h2{font-size:.95rem;font-weight:700;color:#1a2744;margin-bottom:16px;padding-bottom:10px;border-bottom:1px solid #f0eae0}.panel{display:none}.panel.on{display:block}.fr{display:grid;grid-template-columns:1fr 1fr;gap:14px;margin-bottom:14px}.fr3{grid-template-columns:1fr 1fr 1fr}.fr1{grid-template-columns:1fr}.fd{display:flex;flex-direction:column;gap:5px}.fd label{font-size:.73rem;font-weight:600;color:#4a5568;letter-spacing:.04em;text-transform:uppercase}.fd input,.fd select{padding:10px 12px;border:1.5px solid #e2e8f0;border-radius:7px;font-family:inherit;font-size:.88rem;color:#1a2744;background:#fafaf8;outline:none;transition:border-color .18s}.fd input:focus,.fd select:focus{border-color:#e8392a;background:#fff}.unit-note{font-size:.7rem;color:#a0aec0;margin-top:2px}.btn{width:100%;padding:13px;background:#e8392a;color:#fff;font-family:inherit;font-size:.9rem;font-weight:700;border:none;border-radius:8px;cursor:pointer;margin-top:4px;transition:background .18s,transform .15s}.btn:hover{background:#c8301f;transform:translateY(-1px)}.rb{background:#f5f0e8;border:1.5px solid #e8d9c8;border-radius:9px;padding:22px;margin-top:18px;display:none}.rb.show{display:block}.rm{font-size:1.8rem;font-weight:700;color:#e8392a;text-align:center;margin-bottom:4px}.rl{font-size:.73rem;text-transform:uppercase;letter-spacing:.09em;color:#718096;text-align:center;margin-bottom:12px}.rg{display:grid;grid-template-columns:1fr 1fr;gap:10px;margin-bottom:12px}.ri{background:#fff;border-radius:8px;padding:12px;text-align:center}.ri .rv{font-size:1rem;font-weight:700;color:#1a2744}.ri .rll{font-size:.67rem;color:#718096;margin-top:3px}.rrows{font-size:.84rem;color:#4a5568}.rrow{display:flex;justify-content:space-between;padding:5px 0;border-bottom:1px solid #e8d9c8}.rrow:last-child{border:none;font-weight:700;color:#1a2744}.ib{background:#fff;border:1px solid #e2e8f0;border-radius:12px;padding:22px;box-shadow:0 2px 12px rgba(0,0,0,.06)}.ib h3{font-size:.9rem;font-weight:700;color:#1a2744;margin-bottom:9px}.ib p,.ib li{font-size:.82rem;color:#4a5568;line-height:1.7}.ib ul{padding-left:16px;margin-top:6px}.ib li{margin-bottom:3px}@media(max-width:520px){.fr,.fr3,.rg{grid-template-columns:1fr}}<\/style>\r\n<div class=\"cw\">\r\n  <h1>\ud83d\udce6 Volume Calculator<\/h1>\r\n  <p class=\"sub\">Calculate volume and surface area for all common 3D shapes with unit conversion and step-by-step formulas.<\/p>\r\n  <div class=\"tabs\">\r\n    <button class=\"tab on\" onclick=\"sw(0)\">Cube<\/button>\r\n    <button class=\"tab\" onclick=\"sw(1)\">Rectangular Box<\/button>\r\n    <button class=\"tab\" onclick=\"sw(2)\">Sphere<\/button>\r\n    <button class=\"tab\" onclick=\"sw(3)\">Cylinder<\/button>\r\n    <button class=\"tab\" onclick=\"sw(4)\">Cone<\/button>\r\n    <button class=\"tab\" onclick=\"sw(5)\">Pyramid<\/button>\r\n  <\/div>\r\n  <div class=\"cc\">\r\n    <div class=\"panel on\" id=\"p0\">\r\n      <h2>\ud83d\udd37 Cube<\/h2>\r\n      <div class=\"fr fr1\">\r\n        <div class=\"fd\"><label>Side Length (a)<\/label><input type=\"number\" id=\"cu_a\" placeholder=\"e.g. 5\" min=\"0\" step=\"any\"><div class=\"unit-note\">All sides equal<\/div><\/div>\r\n      <\/div>\r\n      <button class=\"btn\" onclick=\"calc(0)\">Calculate Cube<\/button>\r\n      <div class=\"rb\" id=\"r0\"><div class=\"rm\" id=\"r0v\">--<\/div><div class=\"rl\">Volume<\/div><div class=\"rg\" id=\"r0g\"><\/div><div class=\"rrows\" id=\"r0d\"><\/div><\/div>\r\n    <\/div>\r\n    <div class=\"panel\" id=\"p1\">\r\n      <h2>\ud83d\udce6 Rectangular Box (Cuboid)<\/h2>\r\n      <div class=\"fr fr3\">\r\n        <div class=\"fd\"><label>Length (l)<\/label><input type=\"number\" id=\"bx_l\" placeholder=\"e.g. 6\" min=\"0\" step=\"any\"><\/div>\r\n        <div class=\"fd\"><label>Width (w)<\/label><input type=\"number\" id=\"bx_w\" placeholder=\"e.g. 4\" min=\"0\" step=\"any\"><\/div>\r\n        <div class=\"fd\"><label>Height (h)<\/label><input type=\"number\" id=\"bx_h\" placeholder=\"e.g. 3\" min=\"0\" step=\"any\"><\/div>\r\n      <\/div>\r\n      <button class=\"btn\" onclick=\"calc(1)\">Calculate Box<\/button>\r\n      <div class=\"rb\" id=\"r1\"><div class=\"rm\" id=\"r1v\">--<\/div><div class=\"rl\">Volume<\/div><div class=\"rg\" id=\"r1g\"><\/div><div class=\"rrows\" id=\"r1d\"><\/div><\/div>\r\n    <\/div>\r\n    <div class=\"panel\" id=\"p2\">\r\n      <h2>\ud83d\udd35 Sphere<\/h2>\r\n      <div class=\"fr fr1\">\r\n        <div class=\"fd\"><label>Radius (r)<\/label><input type=\"number\" id=\"sp_r\" placeholder=\"e.g. 7\" min=\"0\" step=\"any\"><\/div>\r\n      <\/div>\r\n      <button class=\"btn\" onclick=\"calc(2)\">Calculate Sphere<\/button>\r\n      <div class=\"rb\" id=\"r2\"><div class=\"rm\" id=\"r2v\">--<\/div><div class=\"rl\">Volume<\/div><div class=\"rg\" id=\"r2g\"><\/div><div class=\"rrows\" id=\"r2d\"><\/div><\/div>\r\n    <\/div>\r\n    <div class=\"panel\" id=\"p3\">\r\n      <h2>\u2b24 Cylinder<\/h2>\r\n      <div class=\"fr\">\r\n        <div class=\"fd\"><label>Radius (r)<\/label><input type=\"number\" id=\"cy_r\" placeholder=\"e.g. 4\" min=\"0\" step=\"any\"><\/div>\r\n        <div class=\"fd\"><label>Height (h)<\/label><input type=\"number\" id=\"cy_h\" placeholder=\"e.g. 10\" min=\"0\" step=\"any\"><\/div>\r\n      <\/div>\r\n      <button class=\"btn\" onclick=\"calc(3)\">Calculate Cylinder<\/button>\r\n      <div class=\"rb\" id=\"r3\"><div class=\"rm\" id=\"r3v\">--<\/div><div class=\"rl\">Volume<\/div><div class=\"rg\" id=\"r3g\"><\/div><div class=\"rrows\" id=\"r3d\"><\/div><\/div>\r\n    <\/div>\r\n    <div class=\"panel\" id=\"p4\">\r\n      <h2>\ud83d\udd3a Cone<\/h2>\r\n      <div class=\"fr\">\r\n        <div class=\"fd\"><label>Base Radius (r)<\/label><input type=\"number\" id=\"co_r\" placeholder=\"e.g. 3\" min=\"0\" step=\"any\"><\/div>\r\n        <div class=\"fd\"><label>Height (h)<\/label><input type=\"number\" id=\"co_h\" placeholder=\"e.g. 8\" min=\"0\" step=\"any\"><\/div>\r\n      <\/div>\r\n      <button class=\"btn\" onclick=\"calc(4)\">Calculate Cone<\/button>\r\n      <div class=\"rb\" id=\"r4\"><div class=\"rm\" id=\"r4v\">--<\/div><div class=\"rl\">Volume<\/div><div class=\"rg\" id=\"r4g\"><\/div><div class=\"rrows\" id=\"r4d\"><\/div><\/div>\r\n    <\/div>\r\n    <div class=\"panel\" id=\"p5\">\r\n      <h2>\u25b3 Square Pyramid<\/h2>\r\n      <div class=\"fr\">\r\n        <div class=\"fd\"><label>Base Side (a)<\/label><input type=\"number\" id=\"py_a\" placeholder=\"e.g. 6\" min=\"0\" step=\"any\"><\/div>\r\n        <div class=\"fd\"><label>Height (h)<\/label><input type=\"number\" id=\"py_h\" placeholder=\"e.g. 9\" min=\"0\" step=\"any\"><\/div>\r\n      <\/div>\r\n      <button class=\"btn\" onclick=\"calc(5)\">Calculate Pyramid<\/button>\r\n      <div class=\"rb\" id=\"r5\"><div class=\"rm\" id=\"r5v\">--<\/div><div class=\"rl\">Volume<\/div><div class=\"rg\" id=\"r5g\"><\/div><div class=\"rrows\" id=\"r5d\"><\/div><\/div>\r\n    <\/div>\r\n  <\/div>\r\n  <div class=\"ib\"><h3>Volume Formulas Quick Reference<\/h3><ul><li><strong>Cube:<\/strong> V = a\u00b3 | SA = 6a\u00b2<\/li><li><strong>Cuboid:<\/strong> V = l\u00d7w\u00d7h | SA = 2(lw+lh+wh)<\/li><li><strong>Sphere:<\/strong> V = (4\/3)\u03c0r\u00b3 | SA = 4\u03c0r\u00b2<\/li><li><strong>Cylinder:<\/strong> V = \u03c0r\u00b2h | SA = 2\u03c0r(r+h)<\/li><li><strong>Cone:<\/strong> V = (1\/3)\u03c0r\u00b2h | LSA = \u03c0rl<\/li><li><strong>Pyramid:<\/strong> V = (1\/3)a\u00b2h | SA = a\u00b2+2a\u221a(h\u00b2+(a\/2)\u00b2)<\/li><\/ul><\/div>\r\n<\/div>\r\n<script>\r\nvar PI=Math.PI;\r\nfunction sw(i){document.querySelectorAll('.tab').forEach(function(t,j){t.classList.toggle('on',j===i)});document.querySelectorAll('.panel').forEach(function(p,j){p.classList.toggle('on',j===i)});}\r\nfunction f4(v){return parseFloat(v.toFixed(4));}\r\nfunction grid(items){return items.map(function(i){return'<div class=\"ri\"><div class=\"rv\">'+i[0]+'<\/div><div class=\"rll\">'+i[1]+'<\/div><\/div>';}).join('');}\r\nfunction rows(arr){return arr.map(function(r){return'<div class=\"rrow\"><span>'+r[0]+'<\/span><span>'+r[1]+'<\/span><\/div>';}).join('');}\r\nfunction show(id,vol,gItems,rowData){\r\n  document.getElementById('r'+id+'v').textContent=f4(vol)+' cubic units';\r\n  document.getElementById('r'+id+'g').innerHTML=grid(gItems);\r\n  document.getElementById('r'+id+'d').innerHTML=rows(rowData);\r\n  document.getElementById('r'+id).classList.add('show');\r\n}\r\nfunction calc(m){\r\n  if(m===0){var a=+document.getElementById('cu_a').value;if(!a){alert('Enter side length.');return;}var V=a*a*a,SA=6*a*a;show(0,V,[[f4(V),'Volume'],[f4(SA),'Surface Area'],[f4(a*4),'Perimeter (base)']],[['Formula','V = a\u00b3'],['Side a',a],['Volume',f4(V)],['Surface Area',f4(SA)],['Face diagonal',f4(a*Math.sqrt(2))],['Space diagonal',f4(a*Math.sqrt(3))]]);}\r\n  else if(m===1){var l=+document.getElementById('bx_l').value,w=+document.getElementById('bx_w').value,h=+document.getElementById('bx_h').value;if(!l||!w||!h){alert('Fill all fields.');return;}var V=l*w*h,SA=2*(l*w+l*h+w*h);show(1,V,[[f4(V),'Volume'],[f4(SA),'Surface Area'],[f4(2*(l+w+h)),'Sum of edges']],[['Formula','V = l\u00d7w\u00d7h'],['l,w,h',l+'\u00d7'+w+'\u00d7'+h],['Volume',f4(V)],['Surface Area',f4(SA)]]);}\r\n  else if(m===2){var r=+document.getElementById('sp_r').value;if(!r){alert('Enter radius.');return;}var V=(4\/3)*PI*r*r*r,SA=4*PI*r*r;show(2,V,[[f4(V),'Volume'],[f4(SA),'Surface Area'],[f4(2*r),'Diameter']],[['Formula','V = (4\/3)\u03c0r\u00b3'],['Radius',r],['Diameter',2*r],['Volume',f4(V)],['Surface Area',f4(SA)]]);}\r\n  else if(m===3){var r=+document.getElementById('cy_r').value,h=+document.getElementById('cy_h').value;if(!r||!h){alert('Fill all fields.');return;}var V=PI*r*r*h,SA=2*PI*r*(r+h),lsa=2*PI*r*h;show(3,V,[[f4(V),'Volume'],[f4(SA),'Total SA'],[f4(lsa),'Lateral SA']],[['Formula','V = \u03c0r\u00b2h'],['Radius',r],['Height',h],['Base Area',f4(PI*r*r)],['Volume',f4(V)],['Total Surface Area',f4(SA)]]);}\r\n  else if(m===4){var r=+document.getElementById('co_r').value,h=+document.getElementById('co_h').value;if(!r||!h){alert('Fill all fields.');return;}var sl=Math.sqrt(r*r+h*h),V=(1\/3)*PI*r*r*h,lsa=PI*r*sl,SA=lsa+PI*r*r;show(4,V,[[f4(V),'Volume'],[f4(SA),'Total SA'],[f4(sl),'Slant Height']],[['Formula','V = (1\/3)\u03c0r\u00b2h'],['Radius',r],['Height',h],['Slant height',f4(sl)],['Volume',f4(V)],['Total SA',f4(SA)]]);}\r\n  else{var a=+document.getElementById('py_a').value,h=+document.getElementById('py_h').value;if(!a||!h){alert('Fill all fields.');return;}var sl=Math.sqrt(h*h+(a\/2)*(a\/2)),V=(1\/3)*a*a*h,SA=a*a+2*a*sl;show(5,V,[[f4(V),'Volume'],[f4(SA),'Surface Area'],[f4(sl),'Slant Height']],[['Formula','V = (1\/3)a\u00b2h'],['Base side',a],['Height',h],['Slant height',f4(sl)],['Base area',f4(a*a)],['Volume',f4(V)],['Total SA',f4(SA)]]);}\r\n}\r\n<\/script>\r\n\t\t\t\t<\/div>\n\t\t\t\t\t<\/div>\n\t\t\t\t<\/div>\n\t\t<div class=\"elementor-element elementor-element-99f5cde e-flex e-con-boxed e-con e-parent\" data-id=\"99f5cde\" data-element_type=\"container\" data-e-type=\"container\">\n\t\t\t\t\t<div class=\"e-con-inner\">\n\t\t\t\t<div class=\"elementor-element elementor-element-d7ccace elementor-widget elementor-widget-text-editor\" data-id=\"d7ccace\" data-element_type=\"widget\" data-e-type=\"widget\" data-widget_type=\"text-editor.default\">\n\t\t\t\t\t\t\t\t\t<h3 class=\"text-xl font-semibold text-foreground mb-4 flex items-center\">How the\u00a0Volume Calculator\u00a0Works<\/h3><div class=\"space-y-6\"><div><h4 class=\"font-semibold mb-3 text-lg\">How Volume Calculations Work<\/h4><p class=\"text-sm mb-4 text-muted-foreground\">Volume measures the amount of three-dimensional space occupied by an object. Different 3D shapes have specific formulas based on their geometric properties.<\/p><\/div><div><h4 class=\"font-semibold mb-2\">Volume Formulas by Shape:<\/h4><div class=\"space-y-3 text-sm\"><div class=\"bg-secondary\/10 p-3 rounded\"><strong>Sphere:<\/strong><br \/>V = (4\/3)\u03c0r\u00b3 | SA = 4\u03c0r\u00b2<br \/><em class=\"text-muted-foreground\">Perfect round ball &#8211; only needs radius<\/em><\/div><div class=\"bg-secondary\/10 p-3 rounded\"><strong>Cylinder:<\/strong><br \/>V = \u03c0r\u00b2h | SA = 2\u03c0r\u00b2 + 2\u03c0rh<br \/><em class=\"text-muted-foreground\">Can or tube shape &#8211; circular base with height<\/em><\/div><div class=\"bg-secondary\/10 p-3 rounded\"><strong>Cone:<\/strong><br \/>V = (1\/3)\u03c0r\u00b2h | SA = \u03c0r\u00b2 + \u03c0r\u221a(r\u00b2+h\u00b2)<br \/><em class=\"text-muted-foreground\">Pyramid with circular base &#8211; 1\/3 of cylinder volume<\/em><\/div><div class=\"bg-secondary\/10 p-3 rounded\"><strong>Cube:<\/strong><br \/>V = s\u00b3 | SA = 6s\u00b2<br \/><em class=\"text-muted-foreground\">All sides equal &#8211; side length cubed<\/em><\/div><div class=\"bg-secondary\/10 p-3 rounded\"><strong>Rectangular Prism:<\/strong><br \/>V = l \u00d7 w \u00d7 h | SA = 2(lw + lh + wh)<br \/><em class=\"text-muted-foreground\">Box shape &#8211; length \u00d7 width \u00d7 height<\/em><\/div><\/div><\/div><div><h4 class=\"font-semibold mb-2\">Key Concepts:<\/h4><ul class=\"list-disc ml-6 space-y-1 text-sm text-muted-foreground\"><li><strong>Volume:<\/strong>\u00a0Space inside the shape (cubic units: cm\u00b3, m\u00b3, ft\u00b3)<\/li><li><strong>Surface Area:<\/strong>\u00a0Total area of all outer surfaces (square units: cm\u00b2, m\u00b2, ft\u00b2)<\/li><li><strong>\u03c0 (Pi):<\/strong>\u00a0Mathematical constant \u2248 3.14159, used in circular shapes<\/li><li><strong>Radius vs Diameter:<\/strong>\u00a0Radius = half of diameter (r = d\/2)<\/li><\/ul><\/div><div><h4 class=\"font-semibold mb-2\">Real-World Applications:<\/h4><ul class=\"list-disc ml-6 space-y-1 text-sm text-muted-foreground\"><li><strong>Construction:<\/strong>\u00a0Concrete needed for foundations, paint for walls<\/li><li><strong>Manufacturing:<\/strong>\u00a0Material costs, packaging design, shipping optimization<\/li><li><strong>Cooking:<\/strong>\u00a0Recipe scaling, container sizes, oven capacity<\/li><li><strong>Science:<\/strong>\u00a0Chemical reactions, laboratory measurements, research<\/li><li><strong>Engineering:<\/strong>\u00a0Tank design, pipeline capacity, structural analysis<\/li><li><strong>Medicine:<\/strong>\u00a0Drug dosages, medical device design, organ volume<\/li><\/ul><\/div><div><h4 class=\"font-semibold mb-2\">Measurement Tips:<\/h4><ul class=\"list-disc ml-6 space-y-1 text-sm text-muted-foreground\"><li>Always use consistent units throughout your calculations<\/li><li>For spheres, measure diameter and divide by 2 to get radius<\/li><li>For cylinders, height is the distance between circular faces<\/li><li>For cones, height is perpendicular distance from base to apex<\/li><li>Double-check measurements &#8211; small errors multiply in volume calculations<\/li><\/ul><\/div><\/div>\t\t\t\t\t\t\t\t<\/div>\n\t\t\t\t\t<\/div>\n\t\t\t\t<\/div>\n\t\t\t\t<\/div>\n\t\t","protected":false},"excerpt":{"rendered":"<p>\ud83d\udce6 Volume Calculator Calculate volume and surface area for all common 3D shapes with unit conversion and step-by-step formulas. Cube [&hellip;]<\/p>\n","protected":false},"author":2,"featured_media":0,"parent":0,"menu_order":0,"comment_status":"closed","ping_status":"closed","template":"elementor_header_footer","meta":{"site-sidebar-layout":"no-sidebar","site-content-layout":"","ast-site-content-layout":"full-width-container","site-content-style":"default","site-sidebar-style":"default","ast-global-header-display":"","ast-banner-title-visibility":"","ast-main-header-display":"","ast-hfb-above-header-display":"","ast-hfb-below-header-display":"","ast-hfb-mobile-header-display":"","site-post-title":"","ast-breadcrumbs-content":"","ast-featured-img":"disabled","footer-sml-layout":"","ast-disable-related-posts":"","theme-transparent-header-meta":"default","adv-header-id-meta":"","stick-header-meta":"","header-above-stick-meta":"","header-main-stick-meta":"","header-below-stick-meta":"","astra-migrate-meta-layouts":"set","ast-page-background-enabled":"default","ast-page-background-meta":{"desktop":{"background-color":"var(--ast-global-color-5)","background-image":"","background-repeat":"repeat","background-position":"center center","background-size":"auto","background-attachment":"scroll","background-type":"","background-media":"","overlay-type":"","overlay-color":"","overlay-opacity":"","overlay-gradient":""},"tablet":{"background-color":"","background-image":"","background-repeat":"repeat","background-position":"center center","background-size":"auto","background-attachment":"scroll","background-type":"","background-media":"","overlay-type":"","overlay-color":"","overlay-opacity":"","overlay-gradient":""},"mobile":{"background-color":"","background-image":"","background-repeat":"repeat","background-position":"center center","background-size":"auto","background-attachment":"scroll","background-type":"","background-media":"","overlay-type":"","overlay-color":"","overlay-opacity":"","overlay-gradient":""}},"ast-content-background-meta":{"desktop":{"background-color":"var(--ast-global-color-4)","background-image":"","background-repeat":"repeat","background-position":"center center","background-size":"auto","background-attachment":"scroll","background-type":"","background-media":"","overlay-type":"","overlay-color":"","overlay-opacity":"","overlay-gradient":""},"tablet":{"background-color":"var(--ast-global-color-4)","background-image":"","background-repeat":"repeat","background-position":"center center","background-size":"auto","background-attachment":"scroll","background-type":"","background-media":"","overlay-type":"","overlay-color":"","overlay-opacity":"","overlay-gradient":""},"mobile":{"background-color":"var(--ast-global-color-4)","background-image":"","background-repeat":"repeat","background-position":"center center","background-size":"auto","background-attachment":"scroll","background-type":"","background-media":"","overlay-type":"","overlay-color":"","overlay-opacity":"","overlay-gradient":""}},"footnotes":""},"class_list":["post-173","page","type-page","status-publish","hentry"],"_hostinger_reach_plugin_has_subscription_block":false,"_hostinger_reach_plugin_is_elementor":false,"_links":{"self":[{"href":"https:\/\/seonumber1.com\/calc\/wp-json\/wp\/v2\/pages\/173","targetHints":{"allow":["GET"]}}],"collection":[{"href":"https:\/\/seonumber1.com\/calc\/wp-json\/wp\/v2\/pages"}],"about":[{"href":"https:\/\/seonumber1.com\/calc\/wp-json\/wp\/v2\/types\/page"}],"author":[{"embeddable":true,"href":"https:\/\/seonumber1.com\/calc\/wp-json\/wp\/v2\/users\/2"}],"replies":[{"embeddable":true,"href":"https:\/\/seonumber1.com\/calc\/wp-json\/wp\/v2\/comments?post=173"}],"version-history":[{"count":7,"href":"https:\/\/seonumber1.com\/calc\/wp-json\/wp\/v2\/pages\/173\/revisions"}],"predecessor-version":[{"id":313,"href":"https:\/\/seonumber1.com\/calc\/wp-json\/wp\/v2\/pages\/173\/revisions\/313"}],"wp:attachment":[{"href":"https:\/\/seonumber1.com\/calc\/wp-json\/wp\/v2\/media?parent=173"}],"curies":[{"name":"wp","href":"https:\/\/api.w.org\/{rel}","templated":true}]}}